{"id":450,"date":"2022-09-26T20:44:24","date_gmt":"2022-09-26T20:44:24","guid":{"rendered":"https:\/\/usr.ceetio.com\/?post_type=product&#038;p=450"},"modified":"2022-09-27T21:49:29","modified_gmt":"2022-09-27T21:49:29","slug":"us-revenue-usr","status":"publish","type":"product","link":"https:\/\/usr.ceetio.com\/en\/product\/us-revenue-usr\/","title":{"rendered":"US Revenue (USR)"},"content":{"rendered":"","protected":false},"excerpt":{"rendered":"<p>Stablecoin ERC20 100% respaldada por nuestras reservas de efectivo y activos f\u00edsicos que generan renta pasiva. Accede a servicios e inversiones en d\u00f3lares cualquier parte del mundo, de manera r\u00e1pida, segura y confiable. No te compliques con transferencias bancarias internacionales, papeleos legales o tr\u00e1mites complicados.<\/p>","protected":false},"featured_media":576,"template":"","meta":{"nf_dc_page":""},"product_cat":[35],"product_tag":[],"_links":{"self":[{"href":"https:\/\/usr.ceetio.com\/en\/wp-json\/wp\/v2\/product\/450"}],"collection":[{"href":"https:\/\/usr.ceetio.com\/en\/wp-json\/wp\/v2\/product"}],"about":[{"href":"https:\/\/usr.ceetio.com\/en\/wp-json\/wp\/v2\/types\/product"}],"wp:featuredmedia":[{"embeddable":true,"href":"https:\/\/usr.ceetio.com\/en\/wp-json\/wp\/v2\/media\/576"}],"wp:attachment":[{"href":"https:\/\/usr.ceetio.com\/en\/wp-json\/wp\/v2\/media?parent=450"}],"wp:term":[{"taxonomy":"product_cat","embeddable":true,"href":"https:\/\/usr.ceetio.com\/en\/wp-json\/wp\/v2\/product_cat?post=450"},{"taxonomy":"product_tag","embeddable":true,"href":"https:\/\/usr.ceetio.com\/en\/wp-json\/wp\/v2\/product_tag?post=450"}],"curies":[{"name":"wp","href":"https:\/\/api.w.org\/{rel}","templated":true}]}}